{"id":1548,"date":"2016-03-03T15:17:55","date_gmt":"2016-03-03T13:17:55","guid":{"rendered":"https:\/\/dottortavazzi.it\/curedentarie\/?page_id=1548"},"modified":"2019-05-30T10:17:29","modified_gmt":"2019-05-30T08:17:29","slug":"20-anni-di-sorrisi","status":"publish","type":"page","link":"https:\/\/dottortavazzi.it\/curedentarie\/20-anni-di-sorrisi\/","title":{"rendered":"20 anni di sorrisi"},"content":{"rendered":"\n[et_pb_section][et_pb_row][et_pb_column type=&#8221;4_4&#8243;][et_pb_text]Lo studio del Dottor Tavazzi nasce nel Settembre 1996 in Malnate come piccolo studio dentistico che viene ampliato dieci anni dopo con una nova sede ed una struttura sia organizzativa che operativa pi\u00f9 adeguata alle esigenze del settore del nuovo millennio. La struttura pur mantenendo una gestione padronale persegue con successo nel settore&nbsp; odontoiatrico&nbsp; le innovazioni e le offerte delle<!--more-->\n\n<a href=\"https:\/\/dottortavazzi.it\/curedentarie\/wp-content\/uploads\/2016\/03\/20anni-di-sorrisi-e1457010360804.png\" rel=\"attachment wp-att-1544\"><img decoding=\"async\" loading=\"lazy\" class=\"size-full wp-image-1544 aligncenter\" src=\"https:\/\/dottortavazzi.it\/curedentarie\/wp-content\/uploads\/2016\/03\/20anni-di-sorrisi-e1457010360804.png\" alt=\"20anni di sorrisi\" width=\"576\" height=\"208\"><\/a>\n\nstrutture societarie e polispecialistiche. Lo studio pu\u00f2 vantare un team di collaboratori soddisfatti, preparati ed affiatati che garantiscono al paziente le migliori cure non solo a livello tecnico ma anche relazionale\naffinch\u00e8 il paziente possa trovare risposta a tutte le esigenze e sentirsi sempre a suo agio. Una particolare nota di merito ci viene dai piccoli pazienti in et\u00e0 pediatrica che trovano nel nostro studio un\u2019accoglienza, un\u2019attenzione e le migliori cure adeguate alle loro esigenze.\n\n<a href=\"https:\/\/dottortavazzi.it\/curedentarie\/wp-content\/uploads\/2016\/03\/torta-20-anni-tavazzi-e1475490360171.jpg\" rel=\"attachment wp-att-1766\"><img decoding=\"async\" loading=\"lazy\" class=\"size-full wp-image-1766 aligncenter\" src=\"https:\/\/dottortavazzi.it\/curedentarie\/wp-content\/uploads\/2016\/03\/torta-20-anni-tavazzi-e1475490360171.jpg\" alt=\"torta-20-anni-tavazzi\" width=\"576\" height=\"380\"><\/a>\n\nIl Dottor Tavazzi iscritto dal 1992 all\u2019albo degli odontoiatri della provincia di Varese dedica quotidianamente la sua esperienza ai&nbsp; pazienti che ne apprezzano qualit\u00e0 e professionalit\u00e0 che mantiene elevatissime partecipando a numerosi master delle varie branche odontoiatriche&nbsp; in modo particolare di implantologia, chirurgia, ortodonzia.\n\nLo studio \u00e8 oggi accreditato al servizio sanitario della regione Lombardia (Ente accreditato nr. 1120) che ne garantisce seriet\u00e0 e qualit\u00e0 rilasciata solo a strutture in possesso di requisiti strutturali e organizzativi che&nbsp; soddisfano i parametri di controllo richiesti.\n\nLa parola chiave del nostro studio dentistico \u00e8 \u201cfiducia\u201d che racchiude valori ed obiettivi che sono stati perseguiti e vogliono essere portati avanti in futuro; ottenere fiducia non \u00e8 un obiettivo semplice ma quando si riesce questa rimane per sempre.\nL\u2019evoluzione dello studio \u00e8 stata la diretta conseguenza di una passione e tanto lavoro che hanno permesso con onest\u00e0 professionale, economica e finanziaria di diventare una struttura completa ed affidabile apprezzata ed amata da innumerevoli pazienti.\n\n&nbsp;\n<p style=\"text-align: center;\"><a href=\"https:\/\/dottortavazzi.it\/curedentarie\/wp-content\/uploads\/2016\/03\/tavazzi-story2-e1457076165405.png\" rel=\"attachment wp-att-1553\"><img decoding=\"async\" loading=\"lazy\" class=\"size-full wp-image-1553 aligncenter\" src=\"https:\/\/dottortavazzi.it\/curedentarie\/wp-content\/uploads\/2016\/03\/tavazzi-story2-e1457076165405.png\" alt=\"tavazzi story2\" width=\"576\" height=\"367\"><\/a><\/p>\n<p style=\"text-align: center;\"><a href=\"https:\/\/dottortavazzi.it\/curedentarie\/wp-content\/uploads\/2016\/03\/tavazzi-story1-e1457076206993.png\" rel=\"attachment wp-att-1551\"><img decoding=\"async\" loading=\"lazy\" class=\"size-full wp-image-1551 aligncenter\" src=\"https:\/\/dottortavazzi.it\/curedentarie\/wp-content\/uploads\/2016\/03\/tavazzi-story1-e1457076206993.png\" alt=\"tavazzi story1\" width=\"576\" height=\"367\"><\/a><\/p>\n<p style=\"text-align: center;\"><a href=\"https:\/\/dottortavazzi.it\/curedentarie\/wp-content\/uploads\/2016\/03\/tavazzi-story-4-e1457076229171.png\" rel=\"attachment wp-att-1550\"><img decoding=\"async\" loading=\"lazy\" class=\"size-full wp-image-1550 aligncenter\" src=\"https:\/\/dottortavazzi.it\/curedentarie\/wp-content\/uploads\/2016\/03\/tavazzi-story-4-e1457076229171.png\" alt=\"tavazzi story 4\" width=\"576\" height=\"367\"><\/a><\/p>[\/et_pb_text][\/et_pb_column][\/et_pb_row][\/et_pb_section]\n","protected":false},"excerpt":{"rendered":"<p><div class=\"et_pb_section et_pb_section_0 et_section_regular\" >\n\t\t\t\t\n\t\t\t\t\n\t\t\t\t\n\t\t\t\t\n\t\t\t\t\n\t\t\t\t\n\t\t\t\t\n\t\t\t\t\n\t\t\t\t\n\t\t\t<\/div><div class=\"et_pb_row et_pb_row_0 et_pb_row_empty\">\n\t\t\t\t\n\t\t\t\t\n\t\t\t\t\n\t\t\t\t\n\t\t\t\t\n\t\t\t<\/div><div class=\"et_pb_module et_pb_text et_pb_text_0  et_pb_text_align_left et_pb_bg_layout_light\">\n\t\t\t\t\n\t\t\t\t\n\t\t\t\t\n\t\t\t\t\n\t\t\t\t\n\t\t\t<\/div>Lo studio del Dottor Tavazzi nasce nel Settembre 1996 in Malnate come piccolo studio dentistico che viene ampliato dieci anni dopo con una nova sede ed una struttura sia organizzativa che operativa pi\u00f9 adeguata alle esigenze del settore del nuovo millennio. La struttura pur mantenendo una gestione padronale persegue con successo nel settore&nbsp; odontoiatrico&nbsp; le [&hellip;]<\/p>\n","protected":false},"author":1,"featured_media":0,"parent":0,"menu_order":0,"comment_status":"closed","ping_status":"closed","template":"","meta":{"_et_pb_use_builder":"on","_et_pb_old_content":"Lo studio del Dottor Tavazzi nasce nel Settembre 1996 in Malnate come piccolo studio dentistico che viene ampliato dieci anni dopo con una nova sede ed una struttura sia organizzativa che operativa pi\u00f9 adeguata alle esigenze del settore del nuovo millennio. La struttura pur mantenendo una gestione padronale persegue con successo nel settore&nbsp; odontoiatrico&nbsp; le innovazioni e le offerte delle<!--more-->\n\n<a href=\"https:\/\/dottortavazzi.it\/curedentarie\/wp-content\/uploads\/2016\/03\/20anni-di-sorrisi-e1457010360804.png\" rel=\"attachment wp-att-1544\"><img class=\"size-full wp-image-1544 aligncenter\" src=\"https:\/\/dottortavazzi.it\/curedentarie\/wp-content\/uploads\/2016\/03\/20anni-di-sorrisi-e1457010360804.png\" alt=\"20anni di sorrisi\" width=\"576\" height=\"208\"><\/a>\n\nstrutture societarie e polispecialistiche. Lo studio pu\u00f2 vantare un team di collaboratori soddisfatti, preparati ed affiatati che garantiscono al paziente le migliori cure non solo a livello tecnico ma anche relazionale\naffinch\u00e8 il paziente possa trovare risposta a tutte le esigenze e sentirsi sempre a suo agio. Una particolare nota di merito ci viene dai piccoli pazienti in et\u00e0 pediatrica che trovano nel nostro studio un\u2019accoglienza, un\u2019attenzione e le migliori cure adeguate alle loro esigenze.\n\n<a href=\"https:\/\/dottortavazzi.it\/curedentarie\/wp-content\/uploads\/2016\/03\/torta-20-anni-tavazzi-e1475490360171.jpg\" rel=\"attachment wp-att-1766\"><img class=\"size-full wp-image-1766 aligncenter\" src=\"https:\/\/dottortavazzi.it\/curedentarie\/wp-content\/uploads\/2016\/03\/torta-20-anni-tavazzi-e1475490360171.jpg\" alt=\"torta-20-anni-tavazzi\" width=\"576\" height=\"380\"><\/a>\n\nIl Dottor Tavazzi iscritto dal 1992 all\u2019albo degli odontoiatri della provincia di Varese dedica quotidianamente la sua esperienza ai&nbsp; pazienti che ne apprezzano qualit\u00e0 e professionalit\u00e0 che mantiene elevatissime partecipando a numerosi master delle varie branche odontoiatriche&nbsp; in modo particolare di implantologia, chirurgia, ortodonzia.\n\nLo studio \u00e8 oggi accreditato al servizio sanitario della regione Lombardia (Ente accreditato nr. 1120) che ne garantisce seriet\u00e0 e qualit\u00e0 rilasciata solo a strutture in possesso di requisiti strutturali e organizzativi che&nbsp; soddisfano i parametri di controllo richiesti.\n\nLa parola chiave del nostro studio dentistico \u00e8 \u201cfiducia\u201d che racchiude valori ed obiettivi che sono stati perseguiti e vogliono essere portati avanti in futuro; ottenere fiducia non \u00e8 un obiettivo semplice ma quando si riesce questa rimane per sempre.\nL\u2019evoluzione dello studio \u00e8 stata la diretta conseguenza di una passione e tanto lavoro che hanno permesso con onest\u00e0 professionale, economica e finanziaria di diventare una struttura completa ed affidabile apprezzata ed amata da innumerevoli pazienti.\n\n&nbsp;\n<p style=\"text-align: center;\"><a href=\"https:\/\/dottortavazzi.it\/curedentarie\/wp-content\/uploads\/2016\/03\/tavazzi-story2-e1457076165405.png\" rel=\"attachment wp-att-1553\"><img class=\"size-full wp-image-1553 aligncenter\" src=\"https:\/\/dottortavazzi.it\/curedentarie\/wp-content\/uploads\/2016\/03\/tavazzi-story2-e1457076165405.png\" alt=\"tavazzi story2\" width=\"576\" height=\"367\"><\/a><\/p>\n<p style=\"text-align: center;\"><a href=\"https:\/\/dottortavazzi.it\/curedentarie\/wp-content\/uploads\/2016\/03\/tavazzi-story1-e1457076206993.png\" rel=\"attachment wp-att-1551\"><img class=\"size-full wp-image-1551 aligncenter\" src=\"https:\/\/dottortavazzi.it\/curedentarie\/wp-content\/uploads\/2016\/03\/tavazzi-story1-e1457076206993.png\" alt=\"tavazzi story1\" width=\"576\" height=\"367\"><\/a><\/p>\n<p style=\"text-align: center;\"><a href=\"https:\/\/dottortavazzi.it\/curedentarie\/wp-content\/uploads\/2016\/03\/tavazzi-story-4-e1457076229171.png\" rel=\"attachment wp-att-1550\"><img class=\"size-full wp-image-1550 aligncenter\" src=\"https:\/\/dottortavazzi.it\/curedentarie\/wp-content\/uploads\/2016\/03\/tavazzi-story-4-e1457076229171.png\" alt=\"tavazzi story 4\" width=\"576\" height=\"367\"><\/a><\/p>","_et_gb_content_width":""},"_links":{"self":[{"href":"https:\/\/dottortavazzi.it\/curedentarie\/wp-json\/wp\/v2\/pages\/1548"}],"collection":[{"href":"https:\/\/dottortavazzi.it\/curedentarie\/wp-json\/wp\/v2\/pages"}],"about":[{"href":"https:\/\/dottortavazzi.it\/curedentarie\/wp-json\/wp\/v2\/types\/page"}],"author":[{"embeddable":true,"href":"https:\/\/dottortavazzi.it\/curedentarie\/wp-json\/wp\/v2\/users\/1"}],"replies":[{"embeddable":true,"href":"https:\/\/dottortavazzi.it\/curedentarie\/wp-json\/wp\/v2\/comments?post=1548"}],"version-history":[{"count":18,"href":"https:\/\/dottortavazzi.it\/curedentarie\/wp-json\/wp\/v2\/pages\/1548\/revisions"}],"predecessor-version":[{"id":3499,"href":"https:\/\/dottortavazzi.it\/curedentarie\/wp-json\/wp\/v2\/pages\/1548\/revisions\/3499"}],"wp:attachment":[{"href":"https:\/\/dottortavazzi.it\/curedentarie\/wp-json\/wp\/v2\/media?parent=1548"}],"curies":[{"name":"wp","href":"https:\/\/api.w.org\/{rel}","templated":true}]}}