{"id":187,"date":"2013-10-28T12:12:59","date_gmt":"2013-10-28T10:12:59","guid":{"rendered":"https:\/\/dottortavazzi.it\/curedentarie\/?page_id=187"},"modified":"2019-06-07T10:56:33","modified_gmt":"2019-06-07T08:56:33","slug":"ortodonzia-gnatologia","status":"publish","type":"page","link":"https:\/\/dottortavazzi.it\/curedentarie\/ortodonzia-gnatologia\/","title":{"rendered":"ORTODONZIA &#038; GNATOLOGIA old"},"content":{"rendered":"<p><a href=\"https:\/\/dottortavazzi.it\/curedentarie\/wp-content\/uploads\/2013\/10\/foto-ortodonzia-e-gnatologia.png\"><img decoding=\"async\" loading=\"lazy\" class=\"size-full wp-image-994 aligncenter\" src=\"https:\/\/dottortavazzi.it\/curedentarie\/wp-content\/uploads\/2013\/10\/foto-ortodonzia-e-gnatologia.png\" alt=\"foto ortodonzia e gnatologia\" width=\"576\" height=\"319\" srcset=\"https:\/\/dottortavazzi.it\/curedentarie\/wp-content\/uploads\/2013\/10\/foto-ortodonzia-e-gnatologia.png 576w, https:\/\/dottortavazzi.it\/curedentarie\/wp-content\/uploads\/2013\/10\/foto-ortodonzia-e-gnatologia-300x166.png 300w\" sizes=\"(max-width: 576px) 100vw, 576px\" \/><\/a><\/p>\n<p>&nbsp;<\/p>\n<p>E\u2019 la branca dell\u2019odontoiatria che si occupa delle disarmonie cranio facciali , delle malocclusioni, delle malposizioni dentarie.<br \/>\nLe cure ortodontiche mirano a rendere possibile un normale e corretto funzionamento dell\u2019apparato stomatognatico,&nbsp;utilizzando i mezzi terapeutici pi\u00f9 idonei alla correzione delle anomalie presenti.<br \/>\nOvviamente l\u2019ortognatodonzia ha valenze e applicazioni differenti se vi sono problemi legati allo sviluppo delle ossa craniche in particolare e dello sviluppo del corpo in generale, quindi le terapie variano molto in relazione all\u2019et\u00e0 dei pazienti.<\/p>\n<p>Con l&#8217;ortodonzia si possono ottenere degli ottimi risultati, sia dal punto di vista estetico che funzionale, ma la cosa pi\u00f9 importante, soprattutto nel caso dei bambini, \u00e8 che si pu\u00f2 fare in modo che&nbsp;la crescita si completi nel modo corretto, e da adulti minimizzino la possibilit\u00e0 di avere problemi odontoiatrici.<\/p>\n<p>&nbsp;<\/p>\n<p><a href=\"https:\/\/dottortavazzi.it\/curedentarie\/wp-content\/uploads\/2014\/02\/studio-dottor-tavazzi-ortodonia-e-gnatologia-3.png\"><img decoding=\"async\" loading=\"lazy\" class=\"alignleft size-full wp-image-1025\" src=\"https:\/\/dottortavazzi.it\/curedentarie\/wp-content\/uploads\/2014\/02\/studio-dottor-tavazzi-ortodonia-e-gnatologia-3.png\" alt=\"studio dottor tavazzi ortodonia e gnatologia 3\" width=\"250\" height=\"166\"><\/a>&nbsp;<a href=\"https:\/\/dottortavazzi.it\/curedentarie\/wp-content\/uploads\/2014\/02\/studio-dottor-tavazzi-ortodonzia-e-gnatologia-5.png\"><img decoding=\"async\" loading=\"lazy\" class=\"alignleft size-full wp-image-1024\" src=\"https:\/\/dottortavazzi.it\/curedentarie\/wp-content\/uploads\/2014\/02\/studio-dottor-tavazzi-ortodonzia-e-gnatologia-5.png\" alt=\"studio dottor tavazzi ortodonzia e gnatologia 5\" width=\"250\" height=\"166\"><\/a><\/p>\n<p><a href=\"https:\/\/dottortavazzi.it\/curedentarie\/wp-content\/uploads\/2014\/02\/studio-dottor-tavazzi-ortodonxia-e-gnatologia-intraorale_frontale.png\"><img decoding=\"async\" loading=\"lazy\" class=\"alignleft size-full wp-image-1023\" src=\"https:\/\/dottortavazzi.it\/curedentarie\/wp-content\/uploads\/2014\/02\/studio-dottor-tavazzi-ortodonxia-e-gnatologia-intraorale_frontale.png\" alt=\"studio dottor tavazzi ortodonxia e gnatologia intraorale_frontale\" width=\"250\" height=\"166\"><\/a>&nbsp;<a href=\"https:\/\/dottortavazzi.it\/curedentarie\/wp-content\/uploads\/2014\/02\/studio-dottor-tavazzi-ortodonzia-e-gnatologia-intraorale_frontale-copia.png\"><img decoding=\"async\" loading=\"lazy\" class=\"alignleft size-full wp-image-1022\" src=\"https:\/\/dottortavazzi.it\/curedentarie\/wp-content\/uploads\/2014\/02\/studio-dottor-tavazzi-ortodonzia-e-gnatologia-intraorale_frontale-copia.png\" alt=\"studio dottor tavazzi ortodonzia e gnatologia intraorale_frontale copia\" width=\"250\" height=\"166\"><\/a><\/p>\n<p><a href=\"https:\/\/dottortavazzi.it\/curedentarie\/wp-content\/uploads\/2014\/02\/studio-dottor-tavazzi-ortodonzia-e-gnatologia-1iniziale.png\"><img decoding=\"async\" loading=\"lazy\" class=\"alignnone size-full wp-image-1020\" src=\"https:\/\/dottortavazzi.it\/curedentarie\/wp-content\/uploads\/2014\/02\/studio-dottor-tavazzi-ortodonzia-e-gnatologia-1iniziale.png\" alt=\"studio dottor tavazzi ortodonzia e gnatologia 1iniziale\" width=\"250\" height=\"166\"><\/a><a href=\"https:\/\/dottortavazzi.it\/curedentarie\/wp-content\/uploads\/2014\/02\/studio-tavazzi-faccette-2-e1392366836603.jpg\">&nbsp;<\/a><a href=\"https:\/\/dottortavazzi.it\/curedentarie\/wp-content\/uploads\/2014\/02\/studio-dottor-tavazzi-ortodonzia-e-gnatologia-finale.png\"><img decoding=\"async\" loading=\"lazy\" class=\"alignnone size-full wp-image-1021\" src=\"https:\/\/dottortavazzi.it\/curedentarie\/wp-content\/uploads\/2014\/02\/studio-dottor-tavazzi-ortodonzia-e-gnatologia-finale.png\" alt=\"studio dottor tavazzi ortodonzia e gnatologia finale\" width=\"250\" height=\"167\"><\/a><\/p>\n<p>&nbsp;<\/p>\n<p>L\u2019ortognatodonzia pu\u00f2 avvalersi di apparecchiature mobili o fisse, esistendo per\u00f2 anche terapie dove si utilizzano entrambe le possibilit\u00e0 in contemporanea .<br \/>\nOggi sono particolarmente alte le richieste estetiche in corso di cura ortodontica (soprattutto negli adulti), per cui sono sempre pi\u00f9 in uso, laddove sia possibile, apparecchiature nascoste (linguali), oppure poco visibili dall\u2019esterno o poco invasive, e qualcuna addirittura definita \u201cinvisibile\u201d.<\/p>\n<p><a href=\"https:\/\/dottortavazzi.it\/curedentarie\/wp-content\/uploads\/2013\/10\/ortodonzia_dentale_cuneo.jpg\">&nbsp;<\/a><\/p>\n<p>&nbsp;<\/p>\n<p>&nbsp;<\/p>\n<p><a href=\"https:\/\/dottortavazzi.it\/curedentarie\/cosa-facciamo\/diagnostica-odontoiatrica\/\"><img decoding=\"async\" loading=\"lazy\" class=\"alignleft size-full wp-image-903\" src=\"https:\/\/dottortavazzi.it\/curedentarie\/wp-content\/uploads\/2014\/02\/diagnostica-odontoiatrica-e1392209670720.png\" alt=\"diagnostica odontoiatrica\" width=\"250\" height=\"47\"><\/a><a href=\"https:\/\/dottortavazzi.it\/curedentarie\/cosa-facciamo\/igiene-e-profilassi\/\"><img decoding=\"async\" loading=\"lazy\" class=\"alignleft size-full wp-image-855\" src=\"https:\/\/dottortavazzi.it\/curedentarie\/wp-content\/uploads\/2014\/02\/igiene-e-profilassi-e1392203786374.png\" alt=\"igiene e profilassi\" width=\"250\" height=\"47\"><\/a><\/p>\n<p><a href=\"https:\/\/dottortavazzi.it\/curedentarie\/cosa-facciamo\/odontoiatria-conservativa\/\"><img decoding=\"async\" loading=\"lazy\" class=\"alignleft size-full wp-image-857\" src=\"https:\/\/dottortavazzi.it\/curedentarie\/wp-content\/uploads\/2014\/02\/odontoiatria-conservativa-e1392203735212.png\" alt=\"odontoiatria conservativa\" width=\"250\" height=\"47\"><\/a><br \/>\n<a href=\"https:\/\/dottortavazzi.it\/curedentarie\/cosa-facciamo\/ortodonzia-infantile\/\"><img decoding=\"async\" loading=\"lazy\" class=\"alignleft size-full wp-image-858\" src=\"https:\/\/dottortavazzi.it\/curedentarie\/wp-content\/uploads\/2014\/02\/odontoiatria-infantile-e1392203720577.png\" alt=\"odontoiatria infantile\" width=\"250\" height=\"47\"><\/a><\/p>\n<p><a href=\"https:\/\/dottortavazzi.it\/curedentarie\/cosa-facciamo\/ortodonzia-gnatologia\/\"><img decoding=\"async\" loading=\"lazy\" class=\"alignleft size-full wp-image-904\" src=\"https:\/\/dottortavazzi.it\/curedentarie\/wp-content\/uploads\/2014\/02\/ortodonzia-e-gntologia-e1392209653872.png\" alt=\"ortodonzia e gntologia\" width=\"250\" height=\"47\"><\/a><a href=\"https:\/\/dottortavazzi.it\/curedentarie\/cosa-facciamo\/parodontologia\/\"><img decoding=\"async\" loading=\"lazy\" class=\"alignleft size-full wp-image-860\" src=\"https:\/\/dottortavazzi.it\/curedentarie\/wp-content\/uploads\/2014\/02\/parodontologia-e1392203687130.png\" alt=\"parodontologia\" width=\"250\" height=\"47\"><\/a><\/p>\n<p><a href=\"https:\/\/dottortavazzi.it\/curedentarie\/cosa-facciamo\/chirurgia-orale\/\"><img decoding=\"async\" loading=\"lazy\" class=\"alignleft size-full wp-image-851\" src=\"https:\/\/dottortavazzi.it\/curedentarie\/wp-content\/uploads\/2014\/02\/chirurgia-orale-e1392203850535.png\" alt=\"chirurgia orale\" width=\"250\" height=\"47\"><\/a><a href=\"https:\/\/dottortavazzi.it\/curedentarie\/implantologia\/?preview_id=209&amp;preview_nonce=8e1a7df157&amp;_thumbnail_id=-1&amp;preview=true\"><img decoding=\"async\" loading=\"lazy\" class=\"alignleft size-full wp-image-856\" src=\"https:\/\/dottortavazzi.it\/curedentarie\/wp-content\/uploads\/2014\/02\/implantologia-e1392203772100.png\" alt=\"implantologia\" width=\"250\" height=\"47\"><\/a><\/p>\n<p><a href=\"https:\/\/dottortavazzi.it\/curedentarie\/cosa-facciamo\/protesi\/\"><img decoding=\"async\" loading=\"lazy\" class=\"alignleft size-full wp-image-861\" src=\"https:\/\/dottortavazzi.it\/curedentarie\/wp-content\/uploads\/2014\/02\/protesi-odontoiatrica-e1392203603990.png\" alt=\"protesi odontoiatrica\" width=\"250\" height=\"47\"><\/a><\/p>\n<p><a href=\"https:\/\/dottortavazzi.it\/curedentarie\/cosa-facciamo\/estetica-del-sorriso\/\"><img decoding=\"async\" loading=\"lazy\" class=\"alignleft size-full wp-image-853\" src=\"https:\/\/dottortavazzi.it\/curedentarie\/wp-content\/uploads\/2014\/02\/estetica-del-sorriso-e1392203815826.png\" alt=\"estetica del sorriso\" width=\"250\" height=\"47\"><\/a><\/p>\n<p>&nbsp;<\/p>\n<p>&nbsp;<\/p>\n<p>&nbsp;<\/p>\n<p>&nbsp;<\/p>\n<p>&nbsp;<\/p>\n<p>&nbsp;<\/p>\n","protected":false},"excerpt":{"rendered":"<p>&nbsp; E\u2019 la branca dell\u2019odontoiatria che si occupa delle disarmonie cranio facciali , delle malocclusioni, delle malposizioni dentarie. Le cure ortodontiche mirano a rendere possibile un normale e corretto funzionamento dell\u2019apparato stomatognatico,&nbsp;utilizzando i mezzi terapeutici pi\u00f9 idonei alla correzione delle anomalie presenti. Ovviamente l\u2019ortognatodonzia ha valenze e applicazioni differenti se vi sono problemi legati allo [&hellip;]<\/p>\n","protected":false},"author":1,"featured_media":0,"parent":0,"menu_order":9,"comment_status":"open","ping_status":"open","template":"","meta":{"_et_pb_use_builder":"","_et_pb_old_content":"","_et_gb_content_width":""},"_links":{"self":[{"href":"https:\/\/dottortavazzi.it\/curedentarie\/wp-json\/wp\/v2\/pages\/187"}],"collection":[{"href":"https:\/\/dottortavazzi.it\/curedentarie\/wp-json\/wp\/v2\/pages"}],"about":[{"href":"https:\/\/dottortavazzi.it\/curedentarie\/wp-json\/wp\/v2\/types\/page"}],"author":[{"embeddable":true,"href":"https:\/\/dottortavazzi.it\/curedentarie\/wp-json\/wp\/v2\/users\/1"}],"replies":[{"embeddable":true,"href":"https:\/\/dottortavazzi.it\/curedentarie\/wp-json\/wp\/v2\/comments?post=187"}],"version-history":[{"count":26,"href":"https:\/\/dottortavazzi.it\/curedentarie\/wp-json\/wp\/v2\/pages\/187\/revisions"}],"predecessor-version":[{"id":4074,"href":"https:\/\/dottortavazzi.it\/curedentarie\/wp-json\/wp\/v2\/pages\/187\/revisions\/4074"}],"wp:attachment":[{"href":"https:\/\/dottortavazzi.it\/curedentarie\/wp-json\/wp\/v2\/media?parent=187"}],"curies":[{"name":"wp","href":"https:\/\/api.w.org\/{rel}","templated":true}]}}